{"id":1693,"date":"2025-05-22T08:24:38","date_gmt":"2025-05-22T06:24:38","guid":{"rendered":"https:\/\/www.gostilnica-orle.si\/?page_id=1693"},"modified":"2025-10-08T11:36:49","modified_gmt":"2025-10-08T09:36:49","slug":"restaurant","status":"publish","type":"page","link":"https:\/\/www.gostilnica-orle.si\/de\/restaurant\/","title":{"rendered":"Restaurant"},"content":{"rendered":"<div class=\"gb-grid-wrapper gb-grid-wrapper-b7456270\">\n<div class=\"gb-grid-column gb-grid-column-0d2ce5b2\"><div class=\"gb-container gb-container-0d2ce5b2\"><div class=\"gb-inside-container\">\n\n<p>Das Gasthaus Orle befindet sich in einer wundersch\u00f6nen Umgebung, am Rande eines gro\u00dfen Waldes und in unmittelbarer N\u00e4he der Stadt. Es ist das Ergebnis von famili\u00e4rer Zusammenarbeit und Liebe. Alle Familienmitglieder, auch die J\u00fcngsten, helfen gerne mit, sich um das Wohl unserer G\u00e4ste zu k\u00fcmmern. Unser Restaurant ist bekannt f\u00fcr seine ausgezeichnete K\u00fcche, in der es nach Fleischspezialit\u00e4ten duftet, und wir sind besonders f\u00fcr unsere Schweinerippchen ber\u00fchmt.<\/p>\n\n\n\n<div class=\"wp-block-buttons is-layout-flex wp-block-buttons-is-layout-flex\">\n<div class=\"wp-block-button\"><a class=\"wp-block-button__link wp-element-button\" href=\"https:\/\/www.gostilnica-orle.si\/de\/menue\/\">Men\u00fc<\/a><\/div>\n<\/div>\n\n<\/div><\/div><\/div>\n\n<div class=\"gb-grid-column gb-grid-column-4ae5da74\"><div class=\"gb-container gb-container-4ae5da74\"><div class=\"gb-inside-container\">\n\n<figure class=\"wp-block-image size-full\"><img loading=\"lazy\" decoding=\"async\" width=\"1000\" height=\"709\" src=\"https:\/\/www.gostilnica-orle.si\/wp-content\/uploads\/2022\/01\/Gostilnica-Orle-restavracija.jpg\" alt=\"\" class=\"wp-image-756\" srcset=\"https:\/\/www.gostilnica-orle.si\/wp-content\/uploads\/2022\/01\/Gostilnica-Orle-restavracija.jpg 1000w, https:\/\/www.gostilnica-orle.si\/wp-content\/uploads\/2022\/01\/Gostilnica-Orle-restavracija-300x213.jpg 300w, https:\/\/www.gostilnica-orle.si\/wp-content\/uploads\/2022\/01\/Gostilnica-Orle-restavracija-768x545.jpg 768w\" sizes=\"auto, (max-width: 1000px) 100vw, 1000px\" \/><\/figure>\n\n<\/div><\/div><\/div>\n<\/div>\n\n\n<hr class=\"wp-block-separator has-css-opacity is-style-dots\"\/>\n\n\n<div class=\"gb-grid-wrapper gb-grid-wrapper-6d83ad0b\">\n<div class=\"gb-grid-column gb-grid-column-97871264\"><div class=\"gb-container gb-container-97871264 mt-2\"><div class=\"gb-inside-container\">\n\n<figure class=\"wp-block-image size-large\"><img loading=\"lazy\" decoding=\"async\" width=\"1024\" height=\"768\" src=\"https:\/\/www.gostilnica-orle.si\/wp-content\/uploads\/2022\/01\/Gostilnica-Orle-43-1024x768.jpg\" alt=\"\" class=\"wp-image-840\" srcset=\"https:\/\/www.gostilnica-orle.si\/wp-content\/uploads\/2022\/01\/Gostilnica-Orle-43-1024x768.jpg 1024w, https:\/\/www.gostilnica-orle.si\/wp-content\/uploads\/2022\/01\/Gostilnica-Orle-43-300x225.jpg 300w, https:\/\/www.gostilnica-orle.si\/wp-content\/uploads\/2022\/01\/Gostilnica-Orle-43-768x576.jpg 768w, https:\/\/www.gostilnica-orle.si\/wp-content\/uploads\/2022\/01\/Gostilnica-Orle-43-1536x1152.jpg 1536w, https:\/\/www.gostilnica-orle.si\/wp-content\/uploads\/2022\/01\/Gostilnica-Orle-43-2048x1536.jpg 2048w\" sizes=\"auto, (max-width: 1024px) 100vw, 1024px\" \/><\/figure>\n\n<\/div><\/div><\/div>\n\n<div class=\"gb-grid-column gb-grid-column-fd42ef39\"><div class=\"gb-container gb-container-fd42ef39\"><div class=\"gb-inside-container\">\n\n<p>Das 2013 er\u00f6ffnete Gasthaus Orle setzt eine mehr als hundertj\u00e4hrige Tradition des Ausflugstourismus in Orle fort. Das Gasthaus bietet Platz f\u00fcr 70 G\u00e4ste in den Innenr\u00e4umen und 200 G\u00e4ste auf den Au\u00dfenterrassen und in den G\u00e4rten, aber unsere Kapazit\u00e4t wird jedes Jahr erweitert, um die wachsende Zahl von G\u00e4sten aufzunehmen.<\/p>\n\n<\/div><\/div><\/div>\n<\/div>\n\n\n<hr class=\"wp-block-separator has-css-opacity is-style-wide\"\/>\n\n\n\n<p class=\"has-text-align-center\">Wir bieten unseren G\u00e4sten auch <a href=\"https:\/\/www.gostilnica-orle.si\/de\/essenslieferung\/\" data-type=\"page\" data-id=\"1702\">Essenslieferungen<\/a> an, die Sie telefonisch reservieren k\u00f6nnen unter: <a href=\"tel:0038613667965\">01\/3667-965<\/a><\/p>\n\n\n\n<figure class=\"wp-block-gallery aligncenter has-nested-images columns-default is-cropped wp-block-gallery-1 is-layout-flex wp-block-gallery-is-layout-flex\">\n<figure class=\"wp-block-image\"><a href=\"https:\/\/www.gostilnica-orle.si\/wp-content\/uploads\/2022\/01\/Gostilnica-Orle-13.jpg\" data-lbwps-width=\"2400\" data-lbwps-height=\"1800\" data-lbwps-srcsmall=\"https:\/\/www.gostilnica-orle.si\/wp-content\/uploads\/2022\/01\/Gostilnica-Orle-13-300x225.jpg\"><img loading=\"lazy\" decoding=\"async\" width=\"2400\" height=\"1800\" data-id=\"1726\" src=\"https:\/\/www.gostilnica-orle.si\/wp-content\/uploads\/2022\/01\/Gostilnica-Orle-13.jpg\" alt=\"\" class=\"wp-image-1726\" srcset=\"https:\/\/www.gostilnica-orle.si\/wp-content\/uploads\/2022\/01\/Gostilnica-Orle-13.jpg 2400w, https:\/\/www.gostilnica-orle.si\/wp-content\/uploads\/2022\/01\/Gostilnica-Orle-13-300x225.jpg 300w, https:\/\/www.gostilnica-orle.si\/wp-content\/uploads\/2022\/01\/Gostilnica-Orle-13-1024x768.jpg 1024w, https:\/\/www.gostilnica-orle.si\/wp-content\/uploads\/2022\/01\/Gostilnica-Orle-13-768x576.jpg 768w, https:\/\/www.gostilnica-orle.si\/wp-content\/uploads\/2022\/01\/Gostilnica-Orle-13-1536x1152.jpg 1536w, https:\/\/www.gostilnica-orle.si\/wp-content\/uploads\/2022\/01\/Gostilnica-Orle-13-2048x1536.jpg 2048w\" sizes=\"auto, (max-width: 2400px) 100vw, 2400px\" \/><\/a><\/figure>\n\n\n\n<figure class=\"wp-block-image\"><a href=\"https:\/\/www.gostilnica-orle.si\/wp-content\/uploads\/2022\/01\/Gostilnica-Orle-44.jpg\" data-lbwps-width=\"2400\" data-lbwps-height=\"1800\" data-lbwps-srcsmall=\"https:\/\/www.gostilnica-orle.si\/wp-content\/uploads\/2022\/01\/Gostilnica-Orle-44-300x225.jpg\"><img loading=\"lazy\" decoding=\"async\" width=\"2400\" height=\"1800\" data-id=\"1731\" src=\"https:\/\/www.gostilnica-orle.si\/wp-content\/uploads\/2022\/01\/Gostilnica-Orle-44.jpg\" alt=\"\" class=\"wp-image-1731\" srcset=\"https:\/\/www.gostilnica-orle.si\/wp-content\/uploads\/2022\/01\/Gostilnica-Orle-44.jpg 2400w, https:\/\/www.gostilnica-orle.si\/wp-content\/uploads\/2022\/01\/Gostilnica-Orle-44-300x225.jpg 300w, https:\/\/www.gostilnica-orle.si\/wp-content\/uploads\/2022\/01\/Gostilnica-Orle-44-1024x768.jpg 1024w, https:\/\/www.gostilnica-orle.si\/wp-content\/uploads\/2022\/01\/Gostilnica-Orle-44-768x576.jpg 768w, https:\/\/www.gostilnica-orle.si\/wp-content\/uploads\/2022\/01\/Gostilnica-Orle-44-1536x1152.jpg 1536w, https:\/\/www.gostilnica-orle.si\/wp-content\/uploads\/2022\/01\/Gostilnica-Orle-44-2048x1536.jpg 2048w\" sizes=\"auto, (max-width: 2400px) 100vw, 2400px\" \/><\/a><\/figure>\n\n\n\n<figure class=\"wp-block-image\"><a href=\"https:\/\/www.gostilnica-orle.si\/wp-content\/uploads\/2022\/01\/Gostilnica-Orle-46.jpg\" data-lbwps-width=\"2400\" data-lbwps-height=\"1602\" data-lbwps-srcsmall=\"https:\/\/www.gostilnica-orle.si\/wp-content\/uploads\/2022\/01\/Gostilnica-Orle-46-300x200.jpg\"><img loading=\"lazy\" decoding=\"async\" width=\"2400\" height=\"1602\" data-id=\"1732\" src=\"https:\/\/www.gostilnica-orle.si\/wp-content\/uploads\/2022\/01\/Gostilnica-Orle-46.jpg\" alt=\"\" class=\"wp-image-1732\" srcset=\"https:\/\/www.gostilnica-orle.si\/wp-content\/uploads\/2022\/01\/Gostilnica-Orle-46.jpg 2400w, https:\/\/www.gostilnica-orle.si\/wp-content\/uploads\/2022\/01\/Gostilnica-Orle-46-300x200.jpg 300w, https:\/\/www.gostilnica-orle.si\/wp-content\/uploads\/2022\/01\/Gostilnica-Orle-46-1024x684.jpg 1024w, https:\/\/www.gostilnica-orle.si\/wp-content\/uploads\/2022\/01\/Gostilnica-Orle-46-768x513.jpg 768w, https:\/\/www.gostilnica-orle.si\/wp-content\/uploads\/2022\/01\/Gostilnica-Orle-46-1536x1025.jpg 1536w, https:\/\/www.gostilnica-orle.si\/wp-content\/uploads\/2022\/01\/Gostilnica-Orle-46-2048x1367.jpg 2048w\" sizes=\"auto, (max-width: 2400px) 100vw, 2400px\" \/><\/a><\/figure>\n\n\n\n<figure class=\"wp-block-image\"><a href=\"https:\/\/www.gostilnica-orle.si\/wp-content\/uploads\/2025\/10\/PQ42472.jpg\" data-lbwps-width=\"2400\" data-lbwps-height=\"1600\" data-lbwps-srcsmall=\"https:\/\/www.gostilnica-orle.si\/wp-content\/uploads\/2025\/10\/PQ42472-300x200.jpg\"><img loading=\"lazy\" decoding=\"async\" width=\"2400\" height=\"1600\" data-id=\"2134\" src=\"https:\/\/www.gostilnica-orle.si\/wp-content\/uploads\/2025\/10\/PQ42472.jpg\" alt=\"\" class=\"wp-image-2134\" srcset=\"https:\/\/www.gostilnica-orle.si\/wp-content\/uploads\/2025\/10\/PQ42472.jpg 2400w, https:\/\/www.gostilnica-orle.si\/wp-content\/uploads\/2025\/10\/PQ42472-300x200.jpg 300w, https:\/\/www.gostilnica-orle.si\/wp-content\/uploads\/2025\/10\/PQ42472-1024x683.jpg 1024w, https:\/\/www.gostilnica-orle.si\/wp-content\/uploads\/2025\/10\/PQ42472-768x512.jpg 768w, https:\/\/www.gostilnica-orle.si\/wp-content\/uploads\/2025\/10\/PQ42472-1536x1024.jpg 1536w, https:\/\/www.gostilnica-orle.si\/wp-content\/uploads\/2025\/10\/PQ42472-2048x1365.jpg 2048w\" sizes=\"auto, (max-width: 2400px) 100vw, 2400px\" \/><\/a><\/figure>\n\n\n\n<figure class=\"wp-block-image\"><a href=\"https:\/\/www.gostilnica-orle.si\/wp-content\/uploads\/2025\/10\/PQ42524.jpg\" data-lbwps-width=\"2400\" data-lbwps-height=\"1600\" data-lbwps-srcsmall=\"https:\/\/www.gostilnica-orle.si\/wp-content\/uploads\/2025\/10\/PQ42524-300x200.jpg\"><img loading=\"lazy\" decoding=\"async\" width=\"2400\" height=\"1600\" data-id=\"2130\" src=\"https:\/\/www.gostilnica-orle.si\/wp-content\/uploads\/2025\/10\/PQ42524.jpg\" alt=\"\" class=\"wp-image-2130\" srcset=\"https:\/\/www.gostilnica-orle.si\/wp-content\/uploads\/2025\/10\/PQ42524.jpg 2400w, https:\/\/www.gostilnica-orle.si\/wp-content\/uploads\/2025\/10\/PQ42524-300x200.jpg 300w, https:\/\/www.gostilnica-orle.si\/wp-content\/uploads\/2025\/10\/PQ42524-1024x683.jpg 1024w, https:\/\/www.gostilnica-orle.si\/wp-content\/uploads\/2025\/10\/PQ42524-768x512.jpg 768w, https:\/\/www.gostilnica-orle.si\/wp-content\/uploads\/2025\/10\/PQ42524-1536x1024.jpg 1536w, https:\/\/www.gostilnica-orle.si\/wp-content\/uploads\/2025\/10\/PQ42524-2048x1365.jpg 2048w\" sizes=\"auto, (max-width: 2400px) 100vw, 2400px\" \/><\/a><\/figure>\n\n\n\n<figure class=\"wp-block-image\"><a href=\"https:\/\/www.gostilnica-orle.si\/wp-content\/uploads\/2025\/10\/PQ42491-1.jpg\" data-lbwps-width=\"2400\" data-lbwps-height=\"1600\" data-lbwps-srcsmall=\"https:\/\/www.gostilnica-orle.si\/wp-content\/uploads\/2025\/10\/PQ42491-1-300x200.jpg\"><img loading=\"lazy\" decoding=\"async\" width=\"2400\" height=\"1600\" data-id=\"2126\" src=\"https:\/\/www.gostilnica-orle.si\/wp-content\/uploads\/2025\/10\/PQ42491-1.jpg\" alt=\"\" class=\"wp-image-2126\" srcset=\"https:\/\/www.gostilnica-orle.si\/wp-content\/uploads\/2025\/10\/PQ42491-1.jpg 2400w, https:\/\/www.gostilnica-orle.si\/wp-content\/uploads\/2025\/10\/PQ42491-1-300x200.jpg 300w, https:\/\/www.gostilnica-orle.si\/wp-content\/uploads\/2025\/10\/PQ42491-1-1024x683.jpg 1024w, https:\/\/www.gostilnica-orle.si\/wp-content\/uploads\/2025\/10\/PQ42491-1-768x512.jpg 768w, https:\/\/www.gostilnica-orle.si\/wp-content\/uploads\/2025\/10\/PQ42491-1-1536x1024.jpg 1536w, https:\/\/www.gostilnica-orle.si\/wp-content\/uploads\/2025\/10\/PQ42491-1-2048x1365.jpg 2048w\" sizes=\"auto, (max-width: 2400px) 100vw, 2400px\" \/><\/a><\/figure>\n<\/figure>\n\n\n\n<div style=\"height:30px\" aria-hidden=\"true\" class=\"wp-block-spacer\"><\/div>\n","protected":false},"excerpt":{"rendered":"<p>Wir bieten unseren G\u00e4sten auch Essenslieferungen an, die Sie telefonisch reservieren k\u00f6nnen unter: 01\/3667-965<\/p>\n","protected":false},"author":1,"featured_media":1730,"parent":0,"menu_order":0,"comment_status":"closed","ping_status":"closed","template":"","meta":{"_acf_changed":false,"footnotes":""},"class_list":["post-1693","page","type-page","status-publish","has-post-thumbnail"],"acf":[],"_links":{"self":[{"href":"https:\/\/www.gostilnica-orle.si\/de\/wp-json\/wp\/v2\/pages\/1693","targetHints":{"allow":["GET"]}}],"collection":[{"href":"https:\/\/www.gostilnica-orle.si\/de\/wp-json\/wp\/v2\/pages"}],"about":[{"href":"https:\/\/www.gostilnica-orle.si\/de\/wp-json\/wp\/v2\/types\/page"}],"author":[{"embeddable":true,"href":"https:\/\/www.gostilnica-orle.si\/de\/wp-json\/wp\/v2\/users\/1"}],"replies":[{"embeddable":true,"href":"https:\/\/www.gostilnica-orle.si\/de\/wp-json\/wp\/v2\/comments?post=1693"}],"version-history":[{"count":5,"href":"https:\/\/www.gostilnica-orle.si\/de\/wp-json\/wp\/v2\/pages\/1693\/revisions"}],"predecessor-version":[{"id":2234,"href":"https:\/\/www.gostilnica-orle.si\/de\/wp-json\/wp\/v2\/pages\/1693\/revisions\/2234"}],"wp:featuredmedia":[{"embeddable":true,"href":"https:\/\/www.gostilnica-orle.si\/de\/wp-json\/wp\/v2\/media\/1730"}],"wp:attachment":[{"href":"https:\/\/www.gostilnica-orle.si\/de\/wp-json\/wp\/v2\/media?parent=1693"}],"curies":[{"name":"wp","href":"https:\/\/api.w.org\/{rel}","templated":true}]}}