{"id":1861,"date":"2025-05-22T22:33:04","date_gmt":"2025-05-22T20:33:04","guid":{"rendered":"https:\/\/www.gostilnica-orle.si\/?page_id=1861"},"modified":"2025-05-22T22:33:06","modified_gmt":"2025-05-22T20:33:06","slug":"orle-erbe-und-erlebnisse","status":"publish","type":"page","link":"https:\/\/www.gostilnica-orle.si\/de\/orle-erbe-und-erlebnisse\/","title":{"rendered":"Orle \u2013 Erbe und Erlebnisse"},"content":{"rendered":"\n<p class=\"gb-headline gb-headline-a6b447a7 gb-headline-text\"><strong>Ziel des Projekts<\/strong> ist es, nat\u00fcrliche und kulturelle Touristenattraktionen in der Region Orlje zu verbinden und dadurch die Sichtbarkeit und Zug\u00e4nglichkeit des Tourismus- und Freizeitangebots f\u00fcr Einheimische und Besucher zu erh\u00f6hen. Der Schwerpunkt des Projekts liegt auf der Verbesserung der Vermarktung und F\u00f6rderung des Kulturerbes und der Naturattraktionen sowie der Entwicklung neuer Tourismus- und Freizeitprodukte in den Bereichen Wandern, Radfahren und lebendiges Kulturerbe.<\/p>\n\n\n\n<hr class=\"wp-block-separator has-css-opacity is-style-dots\"\/>\n\n\n<div class=\"gb-container gb-container-f856d745\">\n<div class=\"gb-container gb-container-f632c9a0\">\n\n<h3 class=\"gb-headline gb-headline-52f5a7ed gb-headline-text\"><strong>Ziele des Projekts:<\/strong><\/h3>\n\n\n\n<ul class=\"wp-block-list\">\n<li>Transfer des kulturellen Erbes und Organisation touristischer und lokaler Veranstaltungen<\/li>\n\n\n\n<li>St\u00e4rkung des Radverkehrs durch die Einrichtung eines Fahrradverleihs und den Aufbau von Programmen und Netzwerken zur Radverkehrsf\u00f6rderung<\/li>\n\n\n\n<li>Regulierung des Tourismus- und Freizeitangebots von Orle<\/li>\n\n\n\n<li>Naturschutz f\u00f6rdern<\/li>\n\n\n\n<li>Projektf\u00f6rderung und -verbreitung<\/li>\n<\/ul>\n\n\n\n<h3 class=\"gb-headline gb-headline-4aab4f53 gb-headline-text\"><strong>Ergebnisse des Projekts:<\/strong><\/h3>\n\n\n\n<ul class=\"wp-block-list\">\n<li>\u00dcbertragung des lebendigen Erbes<\/li>\n\n\n\n<li>Durchf\u00fchrung von Kulturveranstaltungen, Rad- und Wanderevents<\/li>\n\n\n\n<li>Durchf\u00fchrung von Workshops zum Thema Kulturerbe und Erfahrungen in Orle f\u00fcr die allgemeine Bev\u00f6lkerung und gef\u00e4hrdete Gruppen<\/li>\n\n\n\n<li>Anschaffung von Ausr\u00fcstung und Ger\u00e4ten f\u00fcr Veranstaltungen und geselliges Beisammensein<\/li>\n\n\n\n<li>Aufbau eines E-Bike-Verleihs an zwei Standorten<\/li>\n\n\n\n<li>Entwicklung der touristischen und Freizeitinfrastruktur in Orle<\/li>\n\n\n\n<li>Programm und Netzwerk zur F\u00f6rderung des Wanderns und Radfahrens<\/li>\n\n\n\n<li>Neue Boutique-Tourismusprodukte (Butarica-Souvenirs, n\u00e4chtliche Tierbeobachtungen in der N\u00e4he der Futterstellen)<\/li>\n\n\n\n<li>Aufbau eines Waldlehrpfades zur selbstst\u00e4ndigen und angeleiteten Durchf\u00fchrung<\/li>\n\n\n\n<li>B\u00e4ume pflanzen, um die Artenvielfalt zu verbessern und das Umweltbewusstsein zu st\u00e4rken<\/li>\n\n\n\n<li>Werbevideo, Flyer<\/li>\n<\/ul>\n\n<\/div>\n\n<div class=\"gb-container gb-container-0ff4e372\">\n\n<h3 class=\"gb-headline gb-headline-92c2bb64 gb-headline-text\"><strong>Projektpartner:<\/strong><\/h3>\n\n\n\n<ul class=\"wp-block-list\">\n<li>MG-TIM gostinstvo in turizem d.o.o.<\/li>\n\n\n\n<li>Prostovoljno gasilsko dru\u0161tvo Orle<\/li>\n\n\n\n<li>Ob\u010dina \u0160kofljica<\/li>\n\n\n\n<li>Trgovina in gostinstvo &#8222;Dremelj&#8220; Alojzij Dremelj s.p.<\/li>\n<\/ul>\n\n\n\n<h3 class=\"gb-headline gb-headline-94554924 gb-headline-text\"><strong>Projektdauer:<\/strong><\/h3>\n\n\n\n<p>M\u00e4rz 2025 \u2013 Juni 2026<\/p>\n\n\n\n<p>Finanzielle Unterst\u00fctzung: Das Gesamtbudget des Projekts \u201eOrle \u2013 Erbe und Erlebnisse\u201c betr\u00e4gt 254.464,48 EUR. Die EU-F\u00f6rderung betr\u00e4gt 190.226,56 EUR.<\/p>\n\n\n\n<p>Das Projekt wird im Rahmen der 1. \u00f6ffentlichen Ausschreibung zur Auswahl von Projekten kofinanziert, die zur Umsetzung der Ziele und Ma\u00dfnahmen der Lokalen Entwicklungsstrategie der LAG Koexistenz zwischen Stadt und Land f\u00fcr 2024 beitragen (Fonds EFRE).<\/p>\n\n\n\n<p>Ziel der \u00f6ffentlichen Ausschreibung ist die Auswahl von Projekten, deren Ergebnisse zur Umsetzung der im SLR festgelegten Ziele und Ma\u00dfnahmen im Gebiet der LAG So\u017eitje beitragen. Die Ausschreibung dient der Unterst\u00fctzung der Umsetzung der von der \u00f6rtlichen Bev\u00f6lkerung betriebenen lokalen Entwicklung (LEADER\/CLLD-Ansatz). Die LAG So\u017eitje hat Anspruch auf F\u00f6rderung aus dem Europ\u00e4ischen Fonds f\u00fcr regionale Entwicklung f\u00fcr die Umsetzung der im Rahmen des SLR ausgew\u00e4hlten Projekte.<\/p>\n\n<\/div>\n<\/div>\n\n<div class=\"gb-container gb-container-875d9bbc\">\n\n<figure class=\"gb-block-image gb-block-image-0f27fe5c\"><a href=\"https:\/\/evropskasredstva.si\" target=\"_blank\" rel=\"noopener noreferrer\"><img loading=\"lazy\" decoding=\"async\" width=\"300\" height=\"79\" class=\"gb-image gb-image-0f27fe5c noshadow\" src=\"https:\/\/www.gostilnica-orle.si\/wp-content\/uploads\/2025\/05\/SL_Co-fundedbytheEU_RGB_Monochrome-300x79.png\" alt=\"\" title=\"SL_Co-fundedbytheEU_RGB_Monochrome\" srcset=\"https:\/\/www.gostilnica-orle.si\/wp-content\/uploads\/2025\/05\/SL_Co-fundedbytheEU_RGB_Monochrome-300x79.png 300w, https:\/\/www.gostilnica-orle.si\/wp-content\/uploads\/2025\/05\/SL_Co-fundedbytheEU_RGB_Monochrome-1024x270.png 1024w, https:\/\/www.gostilnica-orle.si\/wp-content\/uploads\/2025\/05\/SL_Co-fundedbytheEU_RGB_Monochrome-768x203.png 768w, https:\/\/www.gostilnica-orle.si\/wp-content\/uploads\/2025\/05\/SL_Co-fundedbytheEU_RGB_Monochrome-1536x405.png 1536w, https:\/\/www.gostilnica-orle.si\/wp-content\/uploads\/2025\/05\/SL_Co-fundedbytheEU_RGB_Monochrome-2048x540.png 2048w\" sizes=\"auto, (max-width: 300px) 100vw, 300px\" \/><\/a><\/figure>\n\n\n\n<figure class=\"gb-block-image gb-block-image-de5493dc\"><img loading=\"lazy\" decoding=\"async\" width=\"300\" height=\"150\" class=\"gb-image gb-image-de5493dc noshadow\" src=\"https:\/\/www.gostilnica-orle.si\/wp-content\/uploads\/2025\/05\/I-FEEL-brez-ozadaja-300x150.png\" alt=\"\" title=\"I FEEL brez ozadaja\" srcset=\"https:\/\/www.gostilnica-orle.si\/wp-content\/uploads\/2025\/05\/I-FEEL-brez-ozadaja-300x150.png 300w, https:\/\/www.gostilnica-orle.si\/wp-content\/uploads\/2025\/05\/I-FEEL-brez-ozadaja-1024x511.png 1024w, https:\/\/www.gostilnica-orle.si\/wp-content\/uploads\/2025\/05\/I-FEEL-brez-ozadaja-768x383.png 768w, https:\/\/www.gostilnica-orle.si\/wp-content\/uploads\/2025\/05\/I-FEEL-brez-ozadaja.png 1533w\" sizes=\"auto, (max-width: 300px) 100vw, 300px\" \/><\/figure>\n\n<\/div>","protected":false},"excerpt":{"rendered":"<p>Ziel des Projekts ist es, nat\u00fcrliche und kulturelle Touristenattraktionen in der Region Orlje zu verbinden und dadurch die Sichtbarkeit und Zug\u00e4nglichkeit des Tourismus- und Freizeitangebots f\u00fcr Einheimische und Besucher zu erh\u00f6hen. Der Schwerpunkt des Projekts liegt auf der Verbesserung der Vermarktung und F\u00f6rderung des Kulturerbes und der Naturattraktionen sowie der Entwicklung neuer Tourismus- und Freizeitprodukte &#8230; <a title=\"Orle \u2013 Erbe und Erlebnisse\" class=\"read-more\" href=\"https:\/\/www.gostilnica-orle.si\/de\/orle-erbe-und-erlebnisse\/\" aria-label=\"Mehr Informationen \u00fcber Orle \u2013 Erbe und Erlebnisse\">Weiterlesen &#8230;<\/a><\/p>\n","protected":false},"author":1,"featured_media":1862,"parent":0,"menu_order":0,"comment_status":"closed","ping_status":"closed","template":"","meta":{"_acf_changed":false,"footnotes":""},"class_list":["post-1861","page","type-page","status-publish","has-post-thumbnail"],"acf":[],"_links":{"self":[{"href":"https:\/\/www.gostilnica-orle.si\/de\/wp-json\/wp\/v2\/pages\/1861","targetHints":{"allow":["GET"]}}],"collection":[{"href":"https:\/\/www.gostilnica-orle.si\/de\/wp-json\/wp\/v2\/pages"}],"about":[{"href":"https:\/\/www.gostilnica-orle.si\/de\/wp-json\/wp\/v2\/types\/page"}],"author":[{"embeddable":true,"href":"https:\/\/www.gostilnica-orle.si\/de\/wp-json\/wp\/v2\/users\/1"}],"replies":[{"embeddable":true,"href":"https:\/\/www.gostilnica-orle.si\/de\/wp-json\/wp\/v2\/comments?post=1861"}],"version-history":[{"count":1,"href":"https:\/\/www.gostilnica-orle.si\/de\/wp-json\/wp\/v2\/pages\/1861\/revisions"}],"predecessor-version":[{"id":1863,"href":"https:\/\/www.gostilnica-orle.si\/de\/wp-json\/wp\/v2\/pages\/1861\/revisions\/1863"}],"wp:featuredmedia":[{"embeddable":true,"href":"https:\/\/www.gostilnica-orle.si\/de\/wp-json\/wp\/v2\/media\/1862"}],"wp:attachment":[{"href":"https:\/\/www.gostilnica-orle.si\/de\/wp-json\/wp\/v2\/media?parent=1861"}],"curies":[{"name":"wp","href":"https:\/\/api.w.org\/{rel}","templated":true}]}}