{"id":1952,"date":"2025-05-23T16:53:10","date_gmt":"2025-05-23T14:53:10","guid":{"rendered":"https:\/\/www.gostilnica-orle.si\/?page_id=1952"},"modified":"2025-05-23T16:53:12","modified_gmt":"2025-05-23T14:53:12","slug":"orle-patrimonio-e-esperienze","status":"publish","type":"page","link":"https:\/\/www.gostilnica-orle.si\/it\/orle-patrimonio-e-esperienze\/","title":{"rendered":"Orle \u2013 patrimonio e esperienze"},"content":{"rendered":"\n<p class=\"gb-headline gb-headline-a6b447a7 gb-headline-text\"><strong>Lo scopo del progetto<\/strong> \u00e8 unire i punti turistici naturali e culturali nell\u2019area di Orle, aumentando cos\u00ec la visibilit\u00e0 e l\u2019accessibilit\u00e0 dell\u2019offerta turistica e ricreativa per residenti e visitatori. Il progetto si concentra sul miglioramento del marketing e della promozione dei siti di patrimonio e delle attrazioni naturali, nonch\u00e9 sullo sviluppo di nuovi prodotti turistici e ricreativi nei settori del trekking, ciclismo e patrimonio vivente.<\/p>\n\n\n\n<hr class=\"wp-block-separator has-css-opacity is-style-dots\"\/>\n\n\n<div class=\"gb-container gb-container-f856d745\">\n<div class=\"gb-container gb-container-f632c9a0\">\n\n<h3 class=\"gb-headline gb-headline-52f5a7ed gb-headline-text\"><strong>Obiettivi del progetto:<\/strong><\/h3>\n\n\n\n<ul class=\"wp-block-list\">\n<li>Trasferimento del patrimonio culturale e organizzazione di eventi turistici e locali<\/li>\n\n\n\n<li>Rafforzamento del ciclismo attraverso l\u2019istituzione di un servizio di noleggio biciclette e lo sviluppo di programmi e reti per promuovere il ciclismo<\/li>\n\n\n\n<li>Sistemazione dell\u2019offerta turistica e ricreativa di Orle<\/li>\n\n\n\n<li>Incoraggiare la tutela della natura<\/li>\n\n\n\n<li>Promozione e diffusione del progetto<\/li>\n<\/ul>\n\n\n\n<h3 class=\"gb-headline gb-headline-4aab4f53 gb-headline-text\"><strong>Risultati del progetto<\/strong>:<\/h3>\n\n\n\n<ul class=\"wp-block-list\">\n<li>Trasferimento del patrimonio vivente<\/li>\n\n\n\n<li>Realizzazione di eventi sul patrimonio, eventi ciclistici e escursionistici<\/li>\n\n\n\n<li>Realizzazione di laboratori su patrimonio e esperienze a Orle per la popolazione generale e gruppi vulnerabili<\/li>\n\n\n\n<li>Acquisto di attrezzature e dispositivi per eventi e socializzazione<\/li>\n\n\n\n<li>Istituzione di servizi di noleggio e-bike in due localit\u00e0<\/li>\n\n\n\n<li>Sistemazione delle infrastrutture turistiche e ricreative a Orle<\/li>\n\n\n\n<li>Programma e rete per stimolare escursionismo e ciclismo<\/li>\n\n\n\n<li>Nuovi prodotti turistici di nicchia (souvenir butarice, osservazione notturna degli animali vicino alle mangiatoie)<\/li>\n\n\n\n<li>Istituzione di un sentiero didattico forestale per uso autonomo e guidato<\/li>\n\n\n\n<li>Piantar alberi per migliorare la biodiversit\u00e0 e sensibilizzare sull\u2019ambiente<\/li>\n\n\n\n<li>Video promozionale, pieghevoli<\/li>\n<\/ul>\n\n<\/div>\n\n<div class=\"gb-container gb-container-0ff4e372\">\n\n<h3 class=\"gb-headline gb-headline-92c2bb64 gb-headline-text\"><strong>Partner del progetto:<\/strong><\/h3>\n\n\n\n<ul class=\"wp-block-list\">\n<li>MG-TIM gostinstvo in turizem d.o.o.<\/li>\n\n\n\n<li>Prostovoljno gasilsko dru\u0161tvo Orle<\/li>\n\n\n\n<li>Ob\u010dina \u0160kofljica<\/li>\n\n\n\n<li>Trgovina in gostinstvo &#8220;Dremelj&#8221; Alojzij Dremelj s.p.<\/li>\n<\/ul>\n\n\n\n<h3 class=\"gb-headline gb-headline-94554924 gb-headline-text\"><strong>Durata del progetto:<\/strong><\/h3>\n\n\n\n<p>marzo 2025 \u2013 giugno 2026<\/p>\n\n\n\n<p>Supporto finanziario: Il budget totale del progetto Orle \u2013 patrimonio e esperienze ammonta a 254.464,48 EUR. Il finanziamento UE \u00e8 di 190.226,56 EUR.<\/p>\n\n\n\n<p>Il progetto \u00e8 cofinanziato nell\u2019ambito del 1\u00b0 bando pubblico per la selezione di progetti che contribuiscono al raggiungimento degli obiettivi e delle misure della Strategia di sviluppo locale (SSL) del GAL So\u017eitje tra citt\u00e0 e campagna per il 2024 (Fondo europeo di sviluppo regionale &#8211; FESR).<\/p>\n\n\n\n<p>Lo scopo del bando pubblico \u00e8 la selezione di progetti i cui risultati contribuiscono al raggiungimento degli obiettivi e delle misure definiti nella SSL nell\u2019area del GAL So\u017eitje. Il bando \u00e8 attuato come sostegno allo sviluppo locale guidato dalla comunit\u00e0 (approccio LEADER\/CLLD). Il GAL So\u017eitje \u00e8 idoneo a ricevere sostegno per l\u2019attuazione di progetti selezionati nell\u2019ambito della SSL dal Fondo europeo di sviluppo regionale.<\/p>\n\n<\/div>\n<\/div>\n\n<div class=\"gb-container gb-container-875d9bbc\">\n\n<figure class=\"gb-block-image gb-block-image-0f27fe5c\"><a href=\"https:\/\/evropskasredstva.si\" target=\"_blank\" rel=\"noopener noreferrer\"><img loading=\"lazy\" decoding=\"async\" width=\"300\" height=\"79\" class=\"gb-image gb-image-0f27fe5c noshadow\" src=\"https:\/\/www.gostilnica-orle.si\/wp-content\/uploads\/2025\/05\/SL_Co-fundedbytheEU_RGB_Monochrome-300x79.png\" alt=\"\" title=\"SL_Co-fundedbytheEU_RGB_Monochrome\" srcset=\"https:\/\/www.gostilnica-orle.si\/wp-content\/uploads\/2025\/05\/SL_Co-fundedbytheEU_RGB_Monochrome-300x79.png 300w, https:\/\/www.gostilnica-orle.si\/wp-content\/uploads\/2025\/05\/SL_Co-fundedbytheEU_RGB_Monochrome-1024x270.png 1024w, https:\/\/www.gostilnica-orle.si\/wp-content\/uploads\/2025\/05\/SL_Co-fundedbytheEU_RGB_Monochrome-768x203.png 768w, https:\/\/www.gostilnica-orle.si\/wp-content\/uploads\/2025\/05\/SL_Co-fundedbytheEU_RGB_Monochrome-1536x405.png 1536w, https:\/\/www.gostilnica-orle.si\/wp-content\/uploads\/2025\/05\/SL_Co-fundedbytheEU_RGB_Monochrome-2048x540.png 2048w\" sizes=\"auto, (max-width: 300px) 100vw, 300px\" \/><\/a><\/figure>\n\n\n\n<figure class=\"gb-block-image gb-block-image-de5493dc\"><img loading=\"lazy\" decoding=\"async\" width=\"300\" height=\"150\" class=\"gb-image gb-image-de5493dc noshadow\" src=\"https:\/\/www.gostilnica-orle.si\/wp-content\/uploads\/2025\/05\/I-FEEL-brez-ozadaja-300x150.png\" alt=\"\" title=\"I FEEL brez ozadaja\" srcset=\"https:\/\/www.gostilnica-orle.si\/wp-content\/uploads\/2025\/05\/I-FEEL-brez-ozadaja-300x150.png 300w, https:\/\/www.gostilnica-orle.si\/wp-content\/uploads\/2025\/05\/I-FEEL-brez-ozadaja-1024x511.png 1024w, https:\/\/www.gostilnica-orle.si\/wp-content\/uploads\/2025\/05\/I-FEEL-brez-ozadaja-768x383.png 768w, https:\/\/www.gostilnica-orle.si\/wp-content\/uploads\/2025\/05\/I-FEEL-brez-ozadaja.png 1533w\" sizes=\"auto, (max-width: 300px) 100vw, 300px\" \/><\/figure>\n\n<\/div>","protected":false},"excerpt":{"rendered":"<p>Lo scopo del progetto \u00e8 unire i punti turistici naturali e culturali nell\u2019area di Orle, aumentando cos\u00ec la visibilit\u00e0 e l\u2019accessibilit\u00e0 dell\u2019offerta turistica e ricreativa per residenti e visitatori. Il progetto si concentra sul miglioramento del marketing e della promozione dei siti di patrimonio e delle attrazioni naturali, nonch\u00e9 sullo sviluppo di nuovi prodotti turistici &#8230; <a title=\"Orle \u2013 patrimonio e esperienze\" class=\"read-more\" href=\"https:\/\/www.gostilnica-orle.si\/it\/orle-patrimonio-e-esperienze\/\" aria-label=\"Per saperne di pi\u00f9 su Orle \u2013 patrimonio e esperienze\">Leggi tutto<\/a><\/p>\n","protected":false},"author":1,"featured_media":1953,"parent":0,"menu_order":0,"comment_status":"closed","ping_status":"closed","template":"","meta":{"_acf_changed":false,"footnotes":""},"class_list":["post-1952","page","type-page","status-publish","has-post-thumbnail"],"acf":[],"_links":{"self":[{"href":"https:\/\/www.gostilnica-orle.si\/it\/wp-json\/wp\/v2\/pages\/1952","targetHints":{"allow":["GET"]}}],"collection":[{"href":"https:\/\/www.gostilnica-orle.si\/it\/wp-json\/wp\/v2\/pages"}],"about":[{"href":"https:\/\/www.gostilnica-orle.si\/it\/wp-json\/wp\/v2\/types\/page"}],"author":[{"embeddable":true,"href":"https:\/\/www.gostilnica-orle.si\/it\/wp-json\/wp\/v2\/users\/1"}],"replies":[{"embeddable":true,"href":"https:\/\/www.gostilnica-orle.si\/it\/wp-json\/wp\/v2\/comments?post=1952"}],"version-history":[{"count":1,"href":"https:\/\/www.gostilnica-orle.si\/it\/wp-json\/wp\/v2\/pages\/1952\/revisions"}],"predecessor-version":[{"id":1954,"href":"https:\/\/www.gostilnica-orle.si\/it\/wp-json\/wp\/v2\/pages\/1952\/revisions\/1954"}],"wp:featuredmedia":[{"embeddable":true,"href":"https:\/\/www.gostilnica-orle.si\/it\/wp-json\/wp\/v2\/media\/1953"}],"wp:attachment":[{"href":"https:\/\/www.gostilnica-orle.si\/it\/wp-json\/wp\/v2\/media?parent=1952"}],"curies":[{"name":"wp","href":"https:\/\/api.w.org\/{rel}","templated":true}]}}