{"id":1962,"date":"2025-05-23T16:57:18","date_gmt":"2025-05-23T14:57:18","guid":{"rendered":"https:\/\/www.gostilnica-orle.si\/?page_id=1962"},"modified":"2025-10-08T10:09:34","modified_gmt":"2025-10-08T08:09:34","slug":"torre-panoramica","status":"publish","type":"page","link":"https:\/\/www.gostilnica-orle.si\/it\/torre-panoramica\/","title":{"rendered":"Torre panoramica"},"content":{"rendered":"<div class=\"gb-grid-wrapper gb-grid-wrapper-b7456270\">\n<div class=\"gb-grid-column gb-grid-column-0d2ce5b2\"><div class=\"gb-container gb-container-0d2ce5b2\"><div class=\"gb-inside-container\">\n\n<p>Ogni anno a Orle cerchiamo nuove attrazioni per rendere la nostra location pi\u00f9 interessante e apprezzata dai visitatori. Cos\u00ec, nel 2016, \u00e8 nata l\u2019idea di costruire una torre panoramica. Dopo alcuni anni di progettazione, ottenimento dei permessi e preparazione delle strutture, l\u2019abbiamo realizzata con successo alla fine del 2021.<\/p>\n\n<\/div><\/div><\/div>\n\n<div class=\"gb-grid-column gb-grid-column-4ae5da74\"><div class=\"gb-container gb-container-4ae5da74\"><div class=\"gb-inside-container\">\n\n<figure class=\"wp-block-image size-full\"><a href=\"https:\/\/www.gostilnica-orle.si\/wp-content\/uploads\/2022\/01\/Gostilnica-Orle-2-razgled.jpg\" data-lbwps-width=\"1000\" data-lbwps-height=\"668\" data-lbwps-srcsmall=\"https:\/\/www.gostilnica-orle.si\/wp-content\/uploads\/2022\/01\/Gostilnica-Orle-2-razgled-300x200.jpg\"><img loading=\"lazy\" decoding=\"async\" width=\"1000\" height=\"668\" src=\"https:\/\/www.gostilnica-orle.si\/wp-content\/uploads\/2022\/01\/Gostilnica-Orle-2-razgled.jpg\" alt=\"\" class=\"wp-image-773\" srcset=\"https:\/\/www.gostilnica-orle.si\/wp-content\/uploads\/2022\/01\/Gostilnica-Orle-2-razgled.jpg 1000w, https:\/\/www.gostilnica-orle.si\/wp-content\/uploads\/2022\/01\/Gostilnica-Orle-2-razgled-300x200.jpg 300w, https:\/\/www.gostilnica-orle.si\/wp-content\/uploads\/2022\/01\/Gostilnica-Orle-2-razgled-768x513.jpg 768w\" sizes=\"auto, (max-width: 1000px) 100vw, 1000px\" \/><\/a><\/figure>\n\n<\/div><\/div><\/div>\n<\/div>\n\n\n<hr class=\"wp-block-separator has-css-opacity is-style-default\"\/>\n\n\n<div class=\"gb-grid-wrapper gb-grid-wrapper-6d83ad0b\">\n<div class=\"gb-grid-column gb-grid-column-97871264\"><div class=\"gb-container gb-container-97871264 mt-2\"><div class=\"gb-inside-container\">\n\n<figure class=\"wp-block-image size-full\"><a href=\"https:\/\/www.gostilnica-orle.si\/wp-content\/uploads\/2022\/01\/Gostilnica-Orle-4-razgled.jpg\" data-lbwps-width=\"1000\" data-lbwps-height=\"668\" data-lbwps-srcsmall=\"https:\/\/www.gostilnica-orle.si\/wp-content\/uploads\/2022\/01\/Gostilnica-Orle-4-razgled-300x200.jpg\"><img loading=\"lazy\" decoding=\"async\" width=\"1000\" height=\"668\" src=\"https:\/\/www.gostilnica-orle.si\/wp-content\/uploads\/2022\/01\/Gostilnica-Orle-4-razgled.jpg\" alt=\"\" class=\"wp-image-772\" srcset=\"https:\/\/www.gostilnica-orle.si\/wp-content\/uploads\/2022\/01\/Gostilnica-Orle-4-razgled.jpg 1000w, https:\/\/www.gostilnica-orle.si\/wp-content\/uploads\/2022\/01\/Gostilnica-Orle-4-razgled-300x200.jpg 300w, https:\/\/www.gostilnica-orle.si\/wp-content\/uploads\/2022\/01\/Gostilnica-Orle-4-razgled-768x513.jpg 768w\" sizes=\"auto, (max-width: 1000px) 100vw, 1000px\" \/><\/a><\/figure>\n\n<\/div><\/div><\/div>\n\n<div class=\"gb-grid-column gb-grid-column-fd42ef39\"><div class=\"gb-container gb-container-fd42ef39\"><div class=\"gb-inside-container\">\n\n<p>La Torre Orle \u00e8 un\u2019attrazione turistica unica nel comune di \u0160kofljica, grazie all\u2019ottima posizione della trattoria stessa e all\u2019altezza della torre la vista dalla cima si estende su tutte le colline e le valli circostanti. L\u2019ingresso alla torre \u00e8 gratuito, e il progetto \u00e8 stato interamente finanziato con fondi propri dei proprietari della Trattoria Orle.<\/p>\n\n<\/div><\/div><\/div>\n<\/div>\n\n\n<div style=\"height:50px\" aria-hidden=\"true\" class=\"wp-block-spacer\"><\/div>\n\n\n\n<figure class=\"wp-block-gallery has-nested-images columns-6 is-cropped wp-block-gallery-1 is-layout-flex wp-block-gallery-is-layout-flex\">\n<figure class=\"wp-block-image size-large\"><a href=\"https:\/\/www.gostilnica-orle.si\/wp-content\/uploads\/2025\/10\/PQ42532.jpg\" data-lbwps-width=\"2400\" data-lbwps-height=\"1600\" data-lbwps-srcsmall=\"https:\/\/www.gostilnica-orle.si\/wp-content\/uploads\/2025\/10\/PQ42532-300x200.jpg\"><img loading=\"lazy\" decoding=\"async\" width=\"1024\" height=\"683\" data-id=\"2113\" src=\"https:\/\/www.gostilnica-orle.si\/wp-content\/uploads\/2025\/10\/PQ42532-1024x683.jpg\" alt=\"\" class=\"wp-image-2113\" srcset=\"https:\/\/www.gostilnica-orle.si\/wp-content\/uploads\/2025\/10\/PQ42532-1024x683.jpg 1024w, https:\/\/www.gostilnica-orle.si\/wp-content\/uploads\/2025\/10\/PQ42532-300x200.jpg 300w, https:\/\/www.gostilnica-orle.si\/wp-content\/uploads\/2025\/10\/PQ42532-768x512.jpg 768w, https:\/\/www.gostilnica-orle.si\/wp-content\/uploads\/2025\/10\/PQ42532-1536x1024.jpg 1536w, https:\/\/www.gostilnica-orle.si\/wp-content\/uploads\/2025\/10\/PQ42532-2048x1365.jpg 2048w\" sizes=\"auto, (max-width: 1024px) 100vw, 1024px\" \/><\/a><\/figure>\n\n\n\n<figure class=\"wp-block-image size-large\"><a href=\"https:\/\/www.gostilnica-orle.si\/wp-content\/uploads\/2025\/10\/PQ42507.jpg\" data-lbwps-width=\"2400\" data-lbwps-height=\"1600\" data-lbwps-srcsmall=\"https:\/\/www.gostilnica-orle.si\/wp-content\/uploads\/2025\/10\/PQ42507-300x200.jpg\"><img loading=\"lazy\" decoding=\"async\" width=\"1024\" height=\"683\" data-id=\"2109\" src=\"https:\/\/www.gostilnica-orle.si\/wp-content\/uploads\/2025\/10\/PQ42507-1024x683.jpg\" alt=\"\" class=\"wp-image-2109\" srcset=\"https:\/\/www.gostilnica-orle.si\/wp-content\/uploads\/2025\/10\/PQ42507-1024x683.jpg 1024w, https:\/\/www.gostilnica-orle.si\/wp-content\/uploads\/2025\/10\/PQ42507-300x200.jpg 300w, https:\/\/www.gostilnica-orle.si\/wp-content\/uploads\/2025\/10\/PQ42507-768x512.jpg 768w, https:\/\/www.gostilnica-orle.si\/wp-content\/uploads\/2025\/10\/PQ42507-1536x1024.jpg 1536w, https:\/\/www.gostilnica-orle.si\/wp-content\/uploads\/2025\/10\/PQ42507-2048x1365.jpg 2048w\" sizes=\"auto, (max-width: 1024px) 100vw, 1024px\" \/><\/a><\/figure>\n\n\n\n<figure class=\"wp-block-image size-large\"><a href=\"https:\/\/www.gostilnica-orle.si\/wp-content\/uploads\/2025\/10\/PQ42491.jpg\" data-lbwps-width=\"2400\" data-lbwps-height=\"1600\" data-lbwps-srcsmall=\"https:\/\/www.gostilnica-orle.si\/wp-content\/uploads\/2025\/10\/PQ42491-300x200.jpg\"><img loading=\"lazy\" decoding=\"async\" width=\"1024\" height=\"683\" data-id=\"2105\" src=\"https:\/\/www.gostilnica-orle.si\/wp-content\/uploads\/2025\/10\/PQ42491-1024x683.jpg\" alt=\"\" class=\"wp-image-2105\" srcset=\"https:\/\/www.gostilnica-orle.si\/wp-content\/uploads\/2025\/10\/PQ42491-1024x683.jpg 1024w, https:\/\/www.gostilnica-orle.si\/wp-content\/uploads\/2025\/10\/PQ42491-300x200.jpg 300w, https:\/\/www.gostilnica-orle.si\/wp-content\/uploads\/2025\/10\/PQ42491-768x512.jpg 768w, https:\/\/www.gostilnica-orle.si\/wp-content\/uploads\/2025\/10\/PQ42491-1536x1024.jpg 1536w, https:\/\/www.gostilnica-orle.si\/wp-content\/uploads\/2025\/10\/PQ42491-2048x1365.jpg 2048w\" sizes=\"auto, (max-width: 1024px) 100vw, 1024px\" \/><\/a><\/figure>\n\n\n\n<figure class=\"wp-block-image size-large\"><a href=\"https:\/\/www.gostilnica-orle.si\/wp-content\/uploads\/2025\/10\/PQ42481.jpg\" data-lbwps-width=\"2400\" data-lbwps-height=\"1600\" data-lbwps-srcsmall=\"https:\/\/www.gostilnica-orle.si\/wp-content\/uploads\/2025\/10\/PQ42481-300x200.jpg\"><img loading=\"lazy\" decoding=\"async\" width=\"1024\" height=\"683\" data-id=\"2101\" src=\"https:\/\/www.gostilnica-orle.si\/wp-content\/uploads\/2025\/10\/PQ42481-1024x683.jpg\" alt=\"\" class=\"wp-image-2101\" srcset=\"https:\/\/www.gostilnica-orle.si\/wp-content\/uploads\/2025\/10\/PQ42481-1024x683.jpg 1024w, https:\/\/www.gostilnica-orle.si\/wp-content\/uploads\/2025\/10\/PQ42481-300x200.jpg 300w, https:\/\/www.gostilnica-orle.si\/wp-content\/uploads\/2025\/10\/PQ42481-768x512.jpg 768w, https:\/\/www.gostilnica-orle.si\/wp-content\/uploads\/2025\/10\/PQ42481-1536x1024.jpg 1536w, https:\/\/www.gostilnica-orle.si\/wp-content\/uploads\/2025\/10\/PQ42481-2048x1365.jpg 2048w\" sizes=\"auto, (max-width: 1024px) 100vw, 1024px\" \/><\/a><\/figure>\n\n\n\n<figure class=\"wp-block-image size-large\"><a href=\"https:\/\/www.gostilnica-orle.si\/wp-content\/uploads\/2025\/10\/PQ42444.jpg\" data-lbwps-width=\"2400\" data-lbwps-height=\"1600\" data-lbwps-srcsmall=\"https:\/\/www.gostilnica-orle.si\/wp-content\/uploads\/2025\/10\/PQ42444-300x200.jpg\"><img loading=\"lazy\" decoding=\"async\" width=\"1024\" height=\"683\" data-id=\"2097\" src=\"https:\/\/www.gostilnica-orle.si\/wp-content\/uploads\/2025\/10\/PQ42444-1024x683.jpg\" alt=\"\" class=\"wp-image-2097\" srcset=\"https:\/\/www.gostilnica-orle.si\/wp-content\/uploads\/2025\/10\/PQ42444-1024x683.jpg 1024w, https:\/\/www.gostilnica-orle.si\/wp-content\/uploads\/2025\/10\/PQ42444-300x200.jpg 300w, https:\/\/www.gostilnica-orle.si\/wp-content\/uploads\/2025\/10\/PQ42444-768x512.jpg 768w, https:\/\/www.gostilnica-orle.si\/wp-content\/uploads\/2025\/10\/PQ42444-1536x1024.jpg 1536w, https:\/\/www.gostilnica-orle.si\/wp-content\/uploads\/2025\/10\/PQ42444-2048x1365.jpg 2048w\" sizes=\"auto, (max-width: 1024px) 100vw, 1024px\" \/><\/a><\/figure>\n\n\n\n<figure class=\"wp-block-image size-large\"><a href=\"https:\/\/www.gostilnica-orle.si\/wp-content\/uploads\/2025\/10\/PQ42435.jpg\" data-lbwps-width=\"2400\" data-lbwps-height=\"3600\" data-lbwps-srcsmall=\"https:\/\/www.gostilnica-orle.si\/wp-content\/uploads\/2025\/10\/PQ42435-200x300.jpg\"><img loading=\"lazy\" decoding=\"async\" width=\"683\" height=\"1024\" data-id=\"2093\" src=\"https:\/\/www.gostilnica-orle.si\/wp-content\/uploads\/2025\/10\/PQ42435-683x1024.jpg\" alt=\"\" class=\"wp-image-2093\" srcset=\"https:\/\/www.gostilnica-orle.si\/wp-content\/uploads\/2025\/10\/PQ42435-683x1024.jpg 683w, https:\/\/www.gostilnica-orle.si\/wp-content\/uploads\/2025\/10\/PQ42435-200x300.jpg 200w, https:\/\/www.gostilnica-orle.si\/wp-content\/uploads\/2025\/10\/PQ42435-768x1152.jpg 768w, https:\/\/www.gostilnica-orle.si\/wp-content\/uploads\/2025\/10\/PQ42435-1024x1536.jpg 1024w, https:\/\/www.gostilnica-orle.si\/wp-content\/uploads\/2025\/10\/PQ42435-1365x2048.jpg 1365w, https:\/\/www.gostilnica-orle.si\/wp-content\/uploads\/2025\/10\/PQ42435-scaled.jpg 1707w\" sizes=\"auto, (max-width: 683px) 100vw, 683px\" \/><\/a><\/figure>\n<\/figure>\n\n\n\n<div style=\"height:50px\" aria-hidden=\"true\" class=\"wp-block-spacer\"><\/div>\n","protected":false},"excerpt":{"rendered":"","protected":false},"author":1,"featured_media":2092,"parent":0,"menu_order":0,"comment_status":"closed","ping_status":"closed","template":"","meta":{"_acf_changed":false,"footnotes":""},"class_list":["post-1962","page","type-page","status-publish","has-post-thumbnail"],"acf":[],"_links":{"self":[{"href":"https:\/\/www.gostilnica-orle.si\/it\/wp-json\/wp\/v2\/pages\/1962","targetHints":{"allow":["GET"]}}],"collection":[{"href":"https:\/\/www.gostilnica-orle.si\/it\/wp-json\/wp\/v2\/pages"}],"about":[{"href":"https:\/\/www.gostilnica-orle.si\/it\/wp-json\/wp\/v2\/types\/page"}],"author":[{"embeddable":true,"href":"https:\/\/www.gostilnica-orle.si\/it\/wp-json\/wp\/v2\/users\/1"}],"replies":[{"embeddable":true,"href":"https:\/\/www.gostilnica-orle.si\/it\/wp-json\/wp\/v2\/comments?post=1962"}],"version-history":[{"count":2,"href":"https:\/\/www.gostilnica-orle.si\/it\/wp-json\/wp\/v2\/pages\/1962\/revisions"}],"predecessor-version":[{"id":2122,"href":"https:\/\/www.gostilnica-orle.si\/it\/wp-json\/wp\/v2\/pages\/1962\/revisions\/2122"}],"wp:featuredmedia":[{"embeddable":true,"href":"https:\/\/www.gostilnica-orle.si\/it\/wp-json\/wp\/v2\/media\/2092"}],"wp:attachment":[{"href":"https:\/\/www.gostilnica-orle.si\/it\/wp-json\/wp\/v2\/media?parent=1962"}],"curies":[{"name":"wp","href":"https:\/\/api.w.org\/{rel}","templated":true}]}}